{"id":1403,"date":"2020-08-18T12:26:57","date_gmt":"2020-08-18T16:26:57","guid":{"rendered":"https:\/\/www.asesoriasmiami.com\/?post_type=product&#038;p=1403"},"modified":"2020-08-19T12:47:20","modified_gmt":"2020-08-19T16:47:20","slug":"local-comercial-en-fort-lauderdale","status":"publish","type":"product","link":"https:\/\/house-markets.com\/en\/propiedades-en-estados-unidos\/negocios-en-venta\/local-comercial-en-fort-lauderdale\/","title":{"rendered":"Business premise in Fort Lauderdale"},"content":{"rendered":"<p>It includes the ownership of the commercial space with business and all its licenses for sale in this price that includes the real estate in the purchase price. Just 1 and a half miles from La Corte, the City that serves all of Broward County, Museums, arts, large new constructions, Downtown Fort Lauderdale, the tourist area of Las Olas Blvds, the beaches, the mansions more beautiful with yachts in the background. The tranquility of developing your business in your own space and not rented, which has the entire front with transparent impact windows for light entry and view of your commercial activity. If you are looking for a visa that requires the purchase of a business this is your opportunity. It is a purchase without the possibility of loss. You can change the type of existing business<\/p>","protected":false},"excerpt":{"rendered":"<ul>\n<li>Sale Includes: Building Only, Business, Inventory, License, Machinery, Tools<\/li>\n<li>Property Location: In Residential Area<\/li>\n<li>Construction Type: Concrete Block Construction<\/li>\n<li>Roof Description: Concrete Roof<\/li>\n<li>Floor Description: Parquet floors<\/li>\n<li>Electrical Service: 110 Volts of Power, 220 Volts of Power<\/li>\n<li>Fire Protection: Smoke Alarm<\/li>\n<li>Parking Description: 2 \/ Assigned Parking, Guest Parking, Shared Parking<\/li>\n<li>Security Information: Security Guard<\/li>\n<li>Square Feet of Lot: 266,340<\/li>\n<li>Square footage of building: 1,056<\/li>\n<\/ul>","protected":false},"featured_media":1404,"template":"","meta":[],"product_brand":[],"product_cat":[21],"product_tag":[],"class_list":{"0":"post-1403","1":"product","2":"type-product","3":"status-publish","4":"has-post-thumbnail","6":"product_cat-negocios-en-venta","7":"pa_ciudad-fort-lauderdale","8":"pa_condado-broward","9":"pa_estado-florida","11":"first","12":"instock","13":"shipping-taxable","14":"purchasable","15":"product-type-simple"},"yoast_head":"<!-- This site is optimized with the Yoast SEO plugin v27.6 - https:\/\/yoast.com\/product\/yoast-seo-wordpress\/ -->\n<title>Local Comercial en Fort Lauderdale - House Markets<\/title>\n<meta name=\"robots\" content=\"index, follow, max-snippet:-1, max-image-preview:large, max-video-preview:-1\" \/>\n<link rel=\"canonical\" href=\"https:\/\/house-markets.com\/en\/propiedades-en-estados-unidos\/negocios-en-venta\/local-comercial-en-fort-lauderdale\/\" \/>\n<meta property=\"og:locale\" content=\"en_US\" \/>\n<meta property=\"og:type\" content=\"article\" \/>\n<meta property=\"og:title\" content=\"Local Comercial en Fort Lauderdale - House Markets\" \/>\n<meta property=\"og:description\" content=\"La Venta Incluye: Edificio Solamente, Negocio, Inventario, Licencia, Maquinaria, Herramientas  Ubicaci\u00f3n de la propiedad: En \u00c1rea Residencial  Tipo de Construcci\u00f3n: Construcci\u00f3n de Bloque de Concreto  Descripci\u00f3n del Techo: Techo de Concreto  Descripci\u00f3n del Suelo: Suelos de Parqu\u00e9  Servicio El\u00e9ctrico: 110 Voltios de Energ\u00eda, 220 Voltios de Energ\u00eda  Protecci\u00f3n de Fuego: Alarma de humo  Descripci\u00f3n del Estacionamiento: 2\/Estacionamiento asignado, Estacionamiento de hu\u00e9sped, Estacionamiento compartido  Informaci\u00f3n de Seguridad: Guardia de Seguridad  Pies Cuadrado del Lote: 266,340  Pies cuadrados de edificio: 1,056\" \/>\n<meta property=\"og:url\" content=\"https:\/\/house-markets.com\/en\/propiedades-en-estados-unidos\/negocios-en-venta\/local-comercial-en-fort-lauderdale\/\" \/>\n<meta property=\"og:site_name\" content=\"House Markets\" \/>\n<meta property=\"article:publisher\" content=\"https:\/\/www.facebook.com\/House-Markets-100528732059955\" \/>\n<meta property=\"article:modified_time\" content=\"2020-08-19T16:47:20+00:00\" \/>\n<meta property=\"og:image\" content=\"https:\/\/house-markets.com\/wp-content\/uploads\/2020\/08\/GetMedia-1.jpeg\" \/>\n\t<meta property=\"og:image:width\" content=\"1600\" \/>\n\t<meta property=\"og:image:height\" content=\"1200\" \/>\n\t<meta property=\"og:image:type\" content=\"image\/jpeg\" \/>\n<meta name=\"twitter:card\" content=\"summary_large_image\" \/>\n<meta name=\"twitter:site\" content=\"@house_markets\" \/>\n<meta name=\"twitter:label1\" content=\"Est. reading time\" \/>\n\t<meta name=\"twitter:data1\" content=\"1 minute\" \/>\n<script type=\"application\/ld+json\" class=\"yoast-schema-graph\">{\"@context\":\"https:\\\/\\\/schema.org\",\"@graph\":[{\"@type\":\"WebPage\",\"@id\":\"https:\\\/\\\/house-markets.com\\\/en\\\/propiedades-en-estados-unidos\\\/negocios-en-venta\\\/local-comercial-en-fort-lauderdale\\\/\",\"url\":\"https:\\\/\\\/house-markets.com\\\/en\\\/propiedades-en-estados-unidos\\\/negocios-en-venta\\\/local-comercial-en-fort-lauderdale\\\/\",\"name\":\"Local Comercial en Fort Lauderdale - House Markets\",\"isPartOf\":{\"@id\":\"https:\\\/\\\/house-markets.com\\\/#website\"},\"primaryImageOfPage\":{\"@id\":\"https:\\\/\\\/house-markets.com\\\/en\\\/propiedades-en-estados-unidos\\\/negocios-en-venta\\\/local-comercial-en-fort-lauderdale\\\/#primaryimage\"},\"image\":{\"@id\":\"https:\\\/\\\/house-markets.com\\\/en\\\/propiedades-en-estados-unidos\\\/negocios-en-venta\\\/local-comercial-en-fort-lauderdale\\\/#primaryimage\"},\"thumbnailUrl\":\"https:\\\/\\\/house-markets.com\\\/wp-content\\\/uploads\\\/2020\\\/08\\\/GetMedia-1.jpeg\",\"datePublished\":\"2020-08-18T16:26:57+00:00\",\"dateModified\":\"2020-08-19T16:47:20+00:00\",\"breadcrumb\":{\"@id\":\"https:\\\/\\\/house-markets.com\\\/en\\\/propiedades-en-estados-unidos\\\/negocios-en-venta\\\/local-comercial-en-fort-lauderdale\\\/#breadcrumb\"},\"inLanguage\":\"en-US\",\"potentialAction\":[{\"@type\":\"ReadAction\",\"target\":[\"https:\\\/\\\/house-markets.com\\\/en\\\/propiedades-en-estados-unidos\\\/negocios-en-venta\\\/local-comercial-en-fort-lauderdale\\\/\"]}]},{\"@type\":\"ImageObject\",\"inLanguage\":\"en-US\",\"@id\":\"https:\\\/\\\/house-markets.com\\\/en\\\/propiedades-en-estados-unidos\\\/negocios-en-venta\\\/local-comercial-en-fort-lauderdale\\\/#primaryimage\",\"url\":\"https:\\\/\\\/house-markets.com\\\/wp-content\\\/uploads\\\/2020\\\/08\\\/GetMedia-1.jpeg\",\"contentUrl\":\"https:\\\/\\\/house-markets.com\\\/wp-content\\\/uploads\\\/2020\\\/08\\\/GetMedia-1.jpeg\",\"width\":1600,\"height\":1200},{\"@type\":\"BreadcrumbList\",\"@id\":\"https:\\\/\\\/house-markets.com\\\/en\\\/propiedades-en-estados-unidos\\\/negocios-en-venta\\\/local-comercial-en-fort-lauderdale\\\/#breadcrumb\",\"itemListElement\":[{\"@type\":\"ListItem\",\"position\":1,\"name\":\"Portada\",\"item\":\"https:\\\/\\\/house-markets.com\\\/\"},{\"@type\":\"ListItem\",\"position\":2,\"name\":\"Propiedades a la venta en Estados Unidos\",\"item\":\"https:\\\/\\\/house-markets.com\\\/propiedades-a-la-venta-en-estados-unidos\\\/\"},{\"@type\":\"ListItem\",\"position\":3,\"name\":\"Local Comercial en Fort Lauderdale\"}]},{\"@type\":\"WebSite\",\"@id\":\"https:\\\/\\\/house-markets.com\\\/#website\",\"url\":\"https:\\\/\\\/house-markets.com\\\/\",\"name\":\"House Markets\",\"description\":\"La compra de  tu casa en Estados Unidos al alcance de tus dedos\",\"publisher\":{\"@id\":\"https:\\\/\\\/house-markets.com\\\/#organization\"},\"potentialAction\":[{\"@type\":\"SearchAction\",\"target\":{\"@type\":\"EntryPoint\",\"urlTemplate\":\"https:\\\/\\\/house-markets.com\\\/?s={search_term_string}\"},\"query-input\":{\"@type\":\"PropertyValueSpecification\",\"valueRequired\":true,\"valueName\":\"search_term_string\"}}],\"inLanguage\":\"en-US\"},{\"@type\":\"Organization\",\"@id\":\"https:\\\/\\\/house-markets.com\\\/#organization\",\"name\":\"House Markets LLC\",\"url\":\"https:\\\/\\\/house-markets.com\\\/\",\"logo\":{\"@type\":\"ImageObject\",\"inLanguage\":\"en-US\",\"@id\":\"https:\\\/\\\/house-markets.com\\\/#\\\/schema\\\/logo\\\/image\\\/\",\"url\":\"https:\\\/\\\/house-markets.com\\\/wp-content\\\/uploads\\\/2020\\\/07\\\/house-markets.png\",\"contentUrl\":\"https:\\\/\\\/house-markets.com\\\/wp-content\\\/uploads\\\/2020\\\/07\\\/house-markets.png\",\"width\":225,\"height\":81,\"caption\":\"House Markets LLC\"},\"image\":{\"@id\":\"https:\\\/\\\/house-markets.com\\\/#\\\/schema\\\/logo\\\/image\\\/\"},\"sameAs\":[\"https:\\\/\\\/www.facebook.com\\\/House-Markets-100528732059955\",\"https:\\\/\\\/x.com\\\/house_markets\",\"https:\\\/\\\/www.instagram.com\\\/housemarkets.en\\\/\",\"https:\\\/\\\/www.pinterest.com\\\/housemarkets\\\/\"]}]}<\/script>\n<!-- \/ Yoast SEO plugin. -->","yoast_head_json":{"title":"Local Comercial en Fort Lauderdale - House Markets","robots":{"index":"index","follow":"follow","max-snippet":"max-snippet:-1","max-image-preview":"max-image-preview:large","max-video-preview":"max-video-preview:-1"},"canonical":"https:\/\/house-markets.com\/en\/propiedades-en-estados-unidos\/negocios-en-venta\/local-comercial-en-fort-lauderdale\/","og_locale":"en_US","og_type":"article","og_title":"Local Comercial en Fort Lauderdale - House Markets","og_description":"La Venta Incluye: Edificio Solamente, Negocio, Inventario, Licencia, Maquinaria, Herramientas  Ubicaci\u00f3n de la propiedad: En \u00c1rea Residencial  Tipo de Construcci\u00f3n: Construcci\u00f3n de Bloque de Concreto  Descripci\u00f3n del Techo: Techo de Concreto  Descripci\u00f3n del Suelo: Suelos de Parqu\u00e9  Servicio El\u00e9ctrico: 110 Voltios de Energ\u00eda, 220 Voltios de Energ\u00eda  Protecci\u00f3n de Fuego: Alarma de humo  Descripci\u00f3n del Estacionamiento: 2\/Estacionamiento asignado, Estacionamiento de hu\u00e9sped, Estacionamiento compartido  Informaci\u00f3n de Seguridad: Guardia de Seguridad  Pies Cuadrado del Lote: 266,340  Pies cuadrados de edificio: 1,056","og_url":"https:\/\/house-markets.com\/en\/propiedades-en-estados-unidos\/negocios-en-venta\/local-comercial-en-fort-lauderdale\/","og_site_name":"House Markets","article_publisher":"https:\/\/www.facebook.com\/House-Markets-100528732059955","article_modified_time":"2020-08-19T16:47:20+00:00","og_image":[{"width":1600,"height":1200,"url":"https:\/\/house-markets.com\/wp-content\/uploads\/2020\/08\/GetMedia-1.jpeg","type":"image\/jpeg"}],"twitter_card":"summary_large_image","twitter_site":"@house_markets","twitter_misc":{"Est. reading time":"1 minute"},"schema":{"@context":"https:\/\/schema.org","@graph":[{"@type":"WebPage","@id":"https:\/\/house-markets.com\/en\/propiedades-en-estados-unidos\/negocios-en-venta\/local-comercial-en-fort-lauderdale\/","url":"https:\/\/house-markets.com\/en\/propiedades-en-estados-unidos\/negocios-en-venta\/local-comercial-en-fort-lauderdale\/","name":"Local Comercial en Fort Lauderdale - House Markets","isPartOf":{"@id":"https:\/\/house-markets.com\/#website"},"primaryImageOfPage":{"@id":"https:\/\/house-markets.com\/en\/propiedades-en-estados-unidos\/negocios-en-venta\/local-comercial-en-fort-lauderdale\/#primaryimage"},"image":{"@id":"https:\/\/house-markets.com\/en\/propiedades-en-estados-unidos\/negocios-en-venta\/local-comercial-en-fort-lauderdale\/#primaryimage"},"thumbnailUrl":"https:\/\/house-markets.com\/wp-content\/uploads\/2020\/08\/GetMedia-1.jpeg","datePublished":"2020-08-18T16:26:57+00:00","dateModified":"2020-08-19T16:47:20+00:00","breadcrumb":{"@id":"https:\/\/house-markets.com\/en\/propiedades-en-estados-unidos\/negocios-en-venta\/local-comercial-en-fort-lauderdale\/#breadcrumb"},"inLanguage":"en-US","potentialAction":[{"@type":"ReadAction","target":["https:\/\/house-markets.com\/en\/propiedades-en-estados-unidos\/negocios-en-venta\/local-comercial-en-fort-lauderdale\/"]}]},{"@type":"ImageObject","inLanguage":"en-US","@id":"https:\/\/house-markets.com\/en\/propiedades-en-estados-unidos\/negocios-en-venta\/local-comercial-en-fort-lauderdale\/#primaryimage","url":"https:\/\/house-markets.com\/wp-content\/uploads\/2020\/08\/GetMedia-1.jpeg","contentUrl":"https:\/\/house-markets.com\/wp-content\/uploads\/2020\/08\/GetMedia-1.jpeg","width":1600,"height":1200},{"@type":"BreadcrumbList","@id":"https:\/\/house-markets.com\/en\/propiedades-en-estados-unidos\/negocios-en-venta\/local-comercial-en-fort-lauderdale\/#breadcrumb","itemListElement":[{"@type":"ListItem","position":1,"name":"Portada","item":"https:\/\/house-markets.com\/"},{"@type":"ListItem","position":2,"name":"Propiedades a la venta en Estados Unidos","item":"https:\/\/house-markets.com\/propiedades-a-la-venta-en-estados-unidos\/"},{"@type":"ListItem","position":3,"name":"Local Comercial en Fort Lauderdale"}]},{"@type":"WebSite","@id":"https:\/\/house-markets.com\/#website","url":"https:\/\/house-markets.com\/","name":"House Markets","description":"Buying your house in the United States at your fingertips","publisher":{"@id":"https:\/\/house-markets.com\/#organization"},"potentialAction":[{"@type":"SearchAction","target":{"@type":"EntryPoint","urlTemplate":"https:\/\/house-markets.com\/?s={search_term_string}"},"query-input":{"@type":"PropertyValueSpecification","valueRequired":true,"valueName":"search_term_string"}}],"inLanguage":"en-US"},{"@type":"Organization","@id":"https:\/\/house-markets.com\/#organization","name":"House Markets LLC","url":"https:\/\/house-markets.com\/","logo":{"@type":"ImageObject","inLanguage":"en-US","@id":"https:\/\/house-markets.com\/#\/schema\/logo\/image\/","url":"https:\/\/house-markets.com\/wp-content\/uploads\/2020\/07\/house-markets.png","contentUrl":"https:\/\/house-markets.com\/wp-content\/uploads\/2020\/07\/house-markets.png","width":225,"height":81,"caption":"House Markets LLC"},"image":{"@id":"https:\/\/house-markets.com\/#\/schema\/logo\/image\/"},"sameAs":["https:\/\/www.facebook.com\/House-Markets-100528732059955","https:\/\/x.com\/house_markets","https:\/\/www.instagram.com\/housemarkets.en\/","https:\/\/www.pinterest.com\/housemarkets\/"]}]}},"_links":{"self":[{"href":"https:\/\/house-markets.com\/en\/wp-json\/wp\/v2\/product\/1403","targetHints":{"allow":["GET"]}}],"collection":[{"href":"https:\/\/house-markets.com\/en\/wp-json\/wp\/v2\/product"}],"about":[{"href":"https:\/\/house-markets.com\/en\/wp-json\/wp\/v2\/types\/product"}],"wp:featuredmedia":[{"embeddable":true,"href":"https:\/\/house-markets.com\/en\/wp-json\/wp\/v2\/media\/1404"}],"wp:attachment":[{"href":"https:\/\/house-markets.com\/en\/wp-json\/wp\/v2\/media?parent=1403"}],"wp:term":[{"taxonomy":"product_brand","embeddable":true,"href":"https:\/\/house-markets.com\/en\/wp-json\/wp\/v2\/product_brand?post=1403"},{"taxonomy":"product_cat","embeddable":true,"href":"https:\/\/house-markets.com\/en\/wp-json\/wp\/v2\/product_cat?post=1403"},{"taxonomy":"product_tag","embeddable":true,"href":"https:\/\/house-markets.com\/en\/wp-json\/wp\/v2\/product_tag?post=1403"}],"curies":[{"name":"wp","href":"https:\/\/api.w.org\/{rel}","templated":true}]}}