{"id":55,"date":"2020-07-18T00:01:32","date_gmt":"2020-07-18T04:01:32","guid":{"rendered":"https:\/\/www.asesoriasmiami.com\/?page_id=55"},"modified":"2021-05-20T15:36:00","modified_gmt":"2021-05-20T19:36:00","slug":"sobre-nosotros","status":"publish","type":"page","link":"https:\/\/house-markets.com\/en\/sobre-nosotros\/","title":{"rendered":"About us"},"content":{"rendered":"<h2>House Markets LLC<\/h2>\n<p>We are a group of professionals with licenses, studies and experiences in the different areas of services: the area of residential investments, commercial investments, urban development, credit services, title company service for registration and title insurance, lawyers in the immigration area, experienced tax accountants, appraisers, inspectors, engineers.<\/p>\n<p>Forming a group of serious and honest companies with a common goal of providing our clients with the possibility of purchasing their home, business, the development of an urban development or the solution of their legal expectations regarding immigration from the comfort of their homes or offices. We carry out their activities with the same passion and interest that the client would do if they were present. Taking care of your personal interests adding an additional knowledge of the country and the protection of your rights.<\/p>","protected":false},"excerpt":{"rendered":"<p>House Markets LLC Somos un grupo de profesionales con licencias, estudios y experiencias en las diferentes \u00e1reas de servicios:\u00a0 el \u00e1rea de inversiones residenciales, inversiones comerciales, desarrollo de urbanismo, servicios de cr\u00e9ditos, servicio de compa\u00f1\u00eda de t\u00edtulos para el registro y seguros de t\u00edtulos, abogados en el \u00e1rea de inmigraci\u00f3n, contables experimentados en el \u00e1rea [&hellip;]<\/p>\n","protected":false},"author":9,"featured_media":260,"parent":0,"menu_order":0,"comment_status":"closed","ping_status":"closed","template":"","meta":{"footnotes":""},"class_list":["post-55","page","type-page","status-publish","has-post-thumbnail","hentry"],"yoast_head":"<!-- This site is optimized with the Yoast SEO plugin v27.4 - https:\/\/yoast.com\/product\/yoast-seo-wordpress\/ -->\n<title>Sobre Nosotros - House Markets<\/title>\n<meta name=\"robots\" content=\"index, follow, max-snippet:-1, max-image-preview:large, max-video-preview:-1\" \/>\n<link rel=\"canonical\" href=\"https:\/\/house-markets.com\/en\/sobre-nosotros\/\" \/>\n<meta property=\"og:locale\" content=\"en_US\" \/>\n<meta property=\"og:type\" content=\"article\" \/>\n<meta property=\"og:title\" content=\"Sobre Nosotros - House Markets\" \/>\n<meta property=\"og:description\" content=\"House Markets LLC Somos un grupo de profesionales con licencias, estudios y experiencias en las diferentes \u00e1reas de servicios:\u00a0 el \u00e1rea de inversiones residenciales, inversiones comerciales, desarrollo de urbanismo, servicios de cr\u00e9ditos, servicio de compa\u00f1\u00eda de t\u00edtulos para el registro y seguros de t\u00edtulos, abogados en el \u00e1rea de inmigraci\u00f3n, contables experimentados en el \u00e1rea [&hellip;]\" \/>\n<meta property=\"og:url\" content=\"https:\/\/house-markets.com\/en\/sobre-nosotros\/\" \/>\n<meta property=\"og:site_name\" content=\"House Markets\" \/>\n<meta property=\"article:publisher\" content=\"https:\/\/www.facebook.com\/House-Markets-100528732059955\" \/>\n<meta property=\"article:modified_time\" content=\"2021-05-20T19:36:00+00:00\" \/>\n<meta property=\"og:image\" content=\"https:\/\/house-markets.com\/wp-content\/uploads\/2020\/07\/about.jpg\" \/>\n\t<meta property=\"og:image:width\" content=\"1920\" \/>\n\t<meta property=\"og:image:height\" content=\"1124\" \/>\n\t<meta property=\"og:image:type\" content=\"image\/jpeg\" \/>\n<meta name=\"twitter:card\" content=\"summary_large_image\" \/>\n<meta name=\"twitter:site\" content=\"@house_markets\" \/>\n<meta name=\"twitter:label1\" content=\"Est. reading time\" \/>\n\t<meta name=\"twitter:data1\" content=\"1 minute\" \/>\n<script type=\"application\/ld+json\" class=\"yoast-schema-graph\">{\"@context\":\"https:\\\/\\\/schema.org\",\"@graph\":[{\"@type\":\"WebPage\",\"@id\":\"https:\\\/\\\/house-markets.com\\\/sobre-nosotros\\\/\",\"url\":\"https:\\\/\\\/house-markets.com\\\/sobre-nosotros\\\/\",\"name\":\"Sobre Nosotros - House Markets\",\"isPartOf\":{\"@id\":\"https:\\\/\\\/house-markets.com\\\/#website\"},\"primaryImageOfPage\":{\"@id\":\"https:\\\/\\\/house-markets.com\\\/sobre-nosotros\\\/#primaryimage\"},\"image\":{\"@id\":\"https:\\\/\\\/house-markets.com\\\/sobre-nosotros\\\/#primaryimage\"},\"thumbnailUrl\":\"https:\\\/\\\/house-markets.com\\\/wp-content\\\/uploads\\\/2020\\\/07\\\/about.jpg\",\"datePublished\":\"2020-07-18T04:01:32+00:00\",\"dateModified\":\"2021-05-20T19:36:00+00:00\",\"breadcrumb\":{\"@id\":\"https:\\\/\\\/house-markets.com\\\/sobre-nosotros\\\/#breadcrumb\"},\"inLanguage\":\"en-US\",\"potentialAction\":[{\"@type\":\"ReadAction\",\"target\":[\"https:\\\/\\\/house-markets.com\\\/sobre-nosotros\\\/\"]}]},{\"@type\":\"ImageObject\",\"inLanguage\":\"en-US\",\"@id\":\"https:\\\/\\\/house-markets.com\\\/sobre-nosotros\\\/#primaryimage\",\"url\":\"https:\\\/\\\/house-markets.com\\\/wp-content\\\/uploads\\\/2020\\\/07\\\/about.jpg\",\"contentUrl\":\"https:\\\/\\\/house-markets.com\\\/wp-content\\\/uploads\\\/2020\\\/07\\\/about.jpg\",\"width\":1920,\"height\":1124},{\"@type\":\"BreadcrumbList\",\"@id\":\"https:\\\/\\\/house-markets.com\\\/sobre-nosotros\\\/#breadcrumb\",\"itemListElement\":[{\"@type\":\"ListItem\",\"position\":1,\"name\":\"Portada\",\"item\":\"https:\\\/\\\/house-markets.com\\\/\"},{\"@type\":\"ListItem\",\"position\":2,\"name\":\"Sobre Nosotros\"}]},{\"@type\":\"WebSite\",\"@id\":\"https:\\\/\\\/house-markets.com\\\/#website\",\"url\":\"https:\\\/\\\/house-markets.com\\\/\",\"name\":\"House Markets\",\"description\":\"La compra de  tu casa en Estados Unidos al alcance de tus dedos\",\"publisher\":{\"@id\":\"https:\\\/\\\/house-markets.com\\\/#organization\"},\"potentialAction\":[{\"@type\":\"SearchAction\",\"target\":{\"@type\":\"EntryPoint\",\"urlTemplate\":\"https:\\\/\\\/house-markets.com\\\/?s={search_term_string}\"},\"query-input\":{\"@type\":\"PropertyValueSpecification\",\"valueRequired\":true,\"valueName\":\"search_term_string\"}}],\"inLanguage\":\"en-US\"},{\"@type\":\"Organization\",\"@id\":\"https:\\\/\\\/house-markets.com\\\/#organization\",\"name\":\"House Markets LLC\",\"url\":\"https:\\\/\\\/house-markets.com\\\/\",\"logo\":{\"@type\":\"ImageObject\",\"inLanguage\":\"en-US\",\"@id\":\"https:\\\/\\\/house-markets.com\\\/#\\\/schema\\\/logo\\\/image\\\/\",\"url\":\"https:\\\/\\\/house-markets.com\\\/wp-content\\\/uploads\\\/2020\\\/07\\\/house-markets.png\",\"contentUrl\":\"https:\\\/\\\/house-markets.com\\\/wp-content\\\/uploads\\\/2020\\\/07\\\/house-markets.png\",\"width\":225,\"height\":81,\"caption\":\"House Markets LLC\"},\"image\":{\"@id\":\"https:\\\/\\\/house-markets.com\\\/#\\\/schema\\\/logo\\\/image\\\/\"},\"sameAs\":[\"https:\\\/\\\/www.facebook.com\\\/House-Markets-100528732059955\",\"https:\\\/\\\/x.com\\\/house_markets\",\"https:\\\/\\\/www.instagram.com\\\/housemarkets.en\\\/\",\"https:\\\/\\\/www.pinterest.com\\\/housemarkets\\\/\"]}]}<\/script>\n<!-- \/ Yoast SEO plugin. -->","yoast_head_json":{"title":"Sobre Nosotros - House Markets","robots":{"index":"index","follow":"follow","max-snippet":"max-snippet:-1","max-image-preview":"max-image-preview:large","max-video-preview":"max-video-preview:-1"},"canonical":"https:\/\/house-markets.com\/en\/sobre-nosotros\/","og_locale":"en_US","og_type":"article","og_title":"Sobre Nosotros - House Markets","og_description":"House Markets LLC Somos un grupo de profesionales con licencias, estudios y experiencias en las diferentes \u00e1reas de servicios:\u00a0 el \u00e1rea de inversiones residenciales, inversiones comerciales, desarrollo de urbanismo, servicios de cr\u00e9ditos, servicio de compa\u00f1\u00eda de t\u00edtulos para el registro y seguros de t\u00edtulos, abogados en el \u00e1rea de inmigraci\u00f3n, contables experimentados en el \u00e1rea [&hellip;]","og_url":"https:\/\/house-markets.com\/en\/sobre-nosotros\/","og_site_name":"House Markets","article_publisher":"https:\/\/www.facebook.com\/House-Markets-100528732059955","article_modified_time":"2021-05-20T19:36:00+00:00","og_image":[{"width":1920,"height":1124,"url":"https:\/\/house-markets.com\/wp-content\/uploads\/2020\/07\/about.jpg","type":"image\/jpeg"}],"twitter_card":"summary_large_image","twitter_site":"@house_markets","twitter_misc":{"Est. reading time":"1 minute"},"schema":{"@context":"https:\/\/schema.org","@graph":[{"@type":"WebPage","@id":"https:\/\/house-markets.com\/sobre-nosotros\/","url":"https:\/\/house-markets.com\/sobre-nosotros\/","name":"Sobre Nosotros - House Markets","isPartOf":{"@id":"https:\/\/house-markets.com\/#website"},"primaryImageOfPage":{"@id":"https:\/\/house-markets.com\/sobre-nosotros\/#primaryimage"},"image":{"@id":"https:\/\/house-markets.com\/sobre-nosotros\/#primaryimage"},"thumbnailUrl":"https:\/\/house-markets.com\/wp-content\/uploads\/2020\/07\/about.jpg","datePublished":"2020-07-18T04:01:32+00:00","dateModified":"2021-05-20T19:36:00+00:00","breadcrumb":{"@id":"https:\/\/house-markets.com\/sobre-nosotros\/#breadcrumb"},"inLanguage":"en-US","potentialAction":[{"@type":"ReadAction","target":["https:\/\/house-markets.com\/sobre-nosotros\/"]}]},{"@type":"ImageObject","inLanguage":"en-US","@id":"https:\/\/house-markets.com\/sobre-nosotros\/#primaryimage","url":"https:\/\/house-markets.com\/wp-content\/uploads\/2020\/07\/about.jpg","contentUrl":"https:\/\/house-markets.com\/wp-content\/uploads\/2020\/07\/about.jpg","width":1920,"height":1124},{"@type":"BreadcrumbList","@id":"https:\/\/house-markets.com\/sobre-nosotros\/#breadcrumb","itemListElement":[{"@type":"ListItem","position":1,"name":"Portada","item":"https:\/\/house-markets.com\/"},{"@type":"ListItem","position":2,"name":"Sobre Nosotros"}]},{"@type":"WebSite","@id":"https:\/\/house-markets.com\/#website","url":"https:\/\/house-markets.com\/","name":"House Markets","description":"Buying your house in the United States at your fingertips","publisher":{"@id":"https:\/\/house-markets.com\/#organization"},"potentialAction":[{"@type":"SearchAction","target":{"@type":"EntryPoint","urlTemplate":"https:\/\/house-markets.com\/?s={search_term_string}"},"query-input":{"@type":"PropertyValueSpecification","valueRequired":true,"valueName":"search_term_string"}}],"inLanguage":"en-US"},{"@type":"Organization","@id":"https:\/\/house-markets.com\/#organization","name":"House Markets LLC","url":"https:\/\/house-markets.com\/","logo":{"@type":"ImageObject","inLanguage":"en-US","@id":"https:\/\/house-markets.com\/#\/schema\/logo\/image\/","url":"https:\/\/house-markets.com\/wp-content\/uploads\/2020\/07\/house-markets.png","contentUrl":"https:\/\/house-markets.com\/wp-content\/uploads\/2020\/07\/house-markets.png","width":225,"height":81,"caption":"House Markets LLC"},"image":{"@id":"https:\/\/house-markets.com\/#\/schema\/logo\/image\/"},"sameAs":["https:\/\/www.facebook.com\/House-Markets-100528732059955","https:\/\/x.com\/house_markets","https:\/\/www.instagram.com\/housemarkets.en\/","https:\/\/www.pinterest.com\/housemarkets\/"]}]}},"_links":{"self":[{"href":"https:\/\/house-markets.com\/en\/wp-json\/wp\/v2\/pages\/55","targetHints":{"allow":["GET"]}}],"collection":[{"href":"https:\/\/house-markets.com\/en\/wp-json\/wp\/v2\/pages"}],"about":[{"href":"https:\/\/house-markets.com\/en\/wp-json\/wp\/v2\/types\/page"}],"author":[{"embeddable":true,"href":"https:\/\/house-markets.com\/en\/wp-json\/wp\/v2\/users\/9"}],"replies":[{"embeddable":true,"href":"https:\/\/house-markets.com\/en\/wp-json\/wp\/v2\/comments?post=55"}],"version-history":[{"count":2,"href":"https:\/\/house-markets.com\/en\/wp-json\/wp\/v2\/pages\/55\/revisions"}],"predecessor-version":[{"id":2957,"href":"https:\/\/house-markets.com\/en\/wp-json\/wp\/v2\/pages\/55\/revisions\/2957"}],"wp:featuredmedia":[{"embeddable":true,"href":"https:\/\/house-markets.com\/en\/wp-json\/wp\/v2\/media\/260"}],"wp:attachment":[{"href":"https:\/\/house-markets.com\/en\/wp-json\/wp\/v2\/media?parent=55"}],"curies":[{"name":"wp","href":"https:\/\/api.w.org\/{rel}","templated":true}]}}