{"id":2242,"date":"2021-03-04T16:14:06","date_gmt":"2021-03-04T20:14:06","guid":{"rendered":"https:\/\/house-markets.com\/?page_id=2242"},"modified":"2021-03-11T02:34:40","modified_gmt":"2021-03-11T06:34:40","slug":"politicas-de-cookies","status":"publish","type":"page","link":"https:\/\/house-markets.com\/en\/politicas-de-cookies\/","title":{"rendered":"Cookies Policies"},"content":{"rendered":"<p>In the Cookies Policy of HOUSE MARKETS LLC, we comply with advising you that this site can collect information automatically when using cookies, that is why we request with confirmation and we ask that you carefully read both the cookie policies and the <a href=\"\/en\/politica-privacidad\/\">privacy policies<\/a>, so you can enjoy the content with complete peace of mind.<\/p>\n<p>In the Cookie Policy of HOUSE MARKETS LLC, we seek to be transparent, as you like it!<\/p>\n<p><strong>What are cookies?<\/strong><\/p>\n<p>Cookies are a tool used by Web servers to store and retrieve information about their visitors. It is nothing more than a text file that some servers ask our browser to write to our hard drive, with information about what we have been doing for their pages. They have an expiration date, which can range from the duration of the session to a specified future date, after which they cease to be operational.<\/p>\n<p><strong>What do we use cookies for?<\/strong><\/p>\n<p><strong>Cookies on this website help to:<\/strong><\/p>\n<ul>\n<li>Make this website work properly<\/li>\n<li>Save you having to log in every time you visit this site<\/li>\n<li>Remind you of your settings during and between visits<\/li>\n<li>Allow you to view videos<\/li>\n<li>Improve site speed \/ security<\/li>\n<li>That you can share pages with social networks<\/li>\n<li>Continuously improve this website<\/li>\n<li>Show you ads based on your browsing habits.<\/li>\n<\/ul>\n<p><strong>I will never use cookies to:<\/strong><\/p>\n<ul>\n<li>Collect personally identifiable information (without your express permission)<\/li>\n<li>Collect sensitive information (without your express permission)<\/li>\n<li>Share personal identification data to third parties<\/li>\n<\/ul>\n<p>As a user, you can reject the treatment of data or information by blocking these cookies through the appropriate configuration of your browser. However, you should know that if you do, this site will not work properly. When entering the site, if you continue browsing,\u00a0<strong>you will be giving your consent<\/strong>\u00a0for the use of the cookies detailed below.<\/p>\n<p><strong>What types of cookies could be used?<\/strong><\/p>\n<p><strong>Own cookies:<\/strong><\/p>\n<ul>\n<li>Session storage cookies, to ensure that users who write comments on the blog are human and not automated applications. In this way the\u00a0<em>spam<\/em>. These cookies are deleted when you stop browsing our website or, in the case of having the session active, also close the session.<\/li>\n<\/ul>\n<ul>\n<li>Local storage cookies: To keep sessions open and the cookie consent itself saved.<\/li>\n<\/ul>\n<ul>\n<li>Other cookies:<\/li>\n<\/ul>\n<p>You should know that taking into account the way in which the Internet and websites work, it is not always possible to have up-to-date information on all the cookies that third parties may use through this website, but we will offer you a list of the most full possible of them and if you consider it necessary, you can check them in the padlock that is to the left of the URL of the site (in Chrome, for example) and inform us about any additional.<\/p>\n<table width=\"825\">\n<tbody>\n<tr>\n<td><strong>Cookie<\/strong><\/td>\n<td><strong>Domain<\/strong><\/td>\n<\/tr>\n<tr>\n<td>__cfduid<\/td>\n<td>house-markets.com<\/td>\n<\/tr>\n<tr>\n<td>_ga<\/td>\n<td>house-markets.com<\/td>\n<\/tr>\n<tr>\n<td>_gat<\/td>\n<td>house-markets.com<\/td>\n<\/tr>\n<tr>\n<td>_gid<\/td>\n<td>house-markets.com<\/td>\n<\/tr>\n<tr>\n<td>cookie_notice_accepted<\/td>\n<td>house-markets.com<\/td>\n<\/tr>\n<tr>\n<td>wp-settings-1<\/td>\n<td>house-markets.com<\/td>\n<\/tr>\n<tr>\n<td>wp-settings-time-1<\/td>\n<td>house-markets.com<\/td>\n<\/tr>\n<\/tbody>\n<\/table>\n<p><strong>Third-party cookies:<\/strong><\/p>\n<p>This website, like most websites, includes functionalities provided by third parties, therefore in the House Markets LLC cookie policy we comply with mentioning them.<\/p>\n<p><strong>Analysis cookies:<\/strong>\u00a0They are collected only by third parties, such as Google Analytics, which allows us to quantify the number of users and thus carry out statistical measurement and analysis of the use that users make of the service offered. For this, your browsing on our website is analyzed in order to improve the offer of products or services that we offer you.<\/p>\n<p><strong>Advertising cookies<\/strong>Providers, including Google Adsense, use cookies to display relevant ads based on a user&#039;s previous visits to their website or other websites. This site may use google and other types of advertisements.<\/p>\n<p>The user can consult\u00a0<a href=\"https:\/\/www.google.es\/intl\/es\/policies\/technologies\/types\/\">here<\/a>\u00a0the type of cookies used by Google.<\/p>\n<p>Users can disable personalized Google advertising, for this, they must access\u00a0<a href=\"https:\/\/www.google.com\/settings\/ads\">Ads preferences<\/a>.<\/p>\n<p><strong>Social media cookies:<\/strong>\u00a0Each social network uses its own\u00a0<em>cookies<\/em>\u00a0for you to click on buttons like\u00a0<em>I like<\/em>\u00a0or\u00a0<em>Share<\/em>.<\/p>\n<p>In the Cookies Policy of HOUSE MARKETS LLC, we use these networks to be more connected!<\/p>\n<p><strong>Social media<\/strong><\/p>\n<p>Below are the web pages of the privacy policies of the social networks that could be used by this website.<\/p>\n<ul>\n<li>Twitter: <a href=\"https:\/\/twitter.com\/privacy\">Privacy policy and use of cookies<\/a><\/li>\n<li>Instagram: <a href=\"https:\/\/www.facebook.com\/help\/instagram\/1896641480634370\">Information about cookies<\/a><\/li>\n<li>Printrest: <a href=\"https:\/\/policy.pinterest.com\/es\/cookies#:~:text=En%20esta%20pol%C3%ADtica%2C%20se%20denomina,o%20el%20navegador%20las%20eliminan).\">Cookies policy<\/a><\/li>\n<li>Facebook:\u00a0<a href=\"https:\/\/www.facebook.com\/help\/cookies?ref_type=sitefooter\">Cookies policy<\/a><\/li>\n<li>Facebook:\u00a0<a href=\"https:\/\/www.facebook.com\/help\/cookies?ref_type=sitefooter\">Cookies policy<\/a><\/li>\n<li>Youtube:\u00a0<a href=\"https:\/\/www.google.es\/intl\/es\/policies\/technologies\/cookies\/\">Cookies policy<\/a><\/li>\n<\/ul>\n<p><strong>Other cookies:<\/strong>\u00a0To improve your experience and functionality we use third-party components and features offered such as WordPress services. These features may require the use of cookies.<\/p>\n<p>You should know that taking into account the way in which the Internet and websites work, it is not always possible to have up-to-date information on all the cookies that third parties may use through this website, but we will offer you a list of the most full possible of them and if you consider it necessary, you can check them in the padlock that is to the left of the URL of the site (in Chrome, for example) and inform us about any additional.<\/p>\n<p><strong>HOUSE MARKETS LLC site cookies<\/strong><\/p>\n<table width=\"825\">\n<tbody>\n<tr>\n<td><strong>Cookie<\/strong><\/td>\n<td><strong>Domain<\/strong><\/td>\n<\/tr>\n<tr>\n<td>DSID<\/td>\n<td>.doubleclick.net<\/td>\n<\/tr>\n<tr>\n<td>SDI<\/td>\n<td>.doubleclick.net<\/td>\n<\/tr>\n<tr>\n<td>1P_JAR<\/td>\n<td>.Google com<\/td>\n<\/tr>\n<tr>\n<td>ANID<\/td>\n<td>.Google com<\/td>\n<\/tr>\n<tr>\n<td>APISID<\/td>\n<td>.Google com<\/td>\n<\/tr>\n<tr>\n<td>HSID<\/td>\n<td>.Google com<\/td>\n<\/tr>\n<tr>\n<td>NID<\/td>\n<td>.Google com<\/td>\n<\/tr>\n<tr>\n<td>SAPISID<\/td>\n<td>.Google com<\/td>\n<\/tr>\n<tr>\n<td>SID<\/td>\n<td>.Google com<\/td>\n<\/tr>\n<tr>\n<td>SIDCC<\/td>\n<td>.Google com<\/td>\n<\/tr>\n<tr>\n<td>SSID<\/td>\n<td>.Google com<\/td>\n<\/tr>\n<tr>\n<td>APISID<\/td>\n<td>.google.com.ar<\/td>\n<\/tr>\n<tr>\n<td>HSID<\/td>\n<td>.google.com.ar<\/td>\n<\/tr>\n<tr>\n<td>NID<\/td>\n<td>.google.com.ar<\/td>\n<\/tr>\n<tr>\n<td>SAPISID<\/td>\n<td>.google.com.ar<\/td>\n<\/tr>\n<tr>\n<td>SID<\/td>\n<td>.google.com.ar<\/td>\n<\/tr>\n<tr>\n<td>SSID<\/td>\n<td>.google.com.ar<\/td>\n<\/tr>\n<\/tbody>\n<\/table>\n<p><strong>How can I manage and disable these cookies?<\/strong><\/p>\n<p>If you wish, it is possible to adapt your browser so that you are notified before cookies are downloaded.<\/p>\n<p>You can also modify the browser settings so that it rejects all cookies or only third-party cookies. You can also delete any of the cookies that are already on your computer.<\/p>\n<p>Keep in mind that you will have to adapt the configuration of each browser and equipment you use separately.<\/p>\n<p>THIS WEB makes available to users who want to prevent the installation of the aforementioned cookies, links provided for this purpose by browsers whose use is considered more widespread:<\/p>\n<p><a href=\"https:\/\/support.google.com\/chrome\/bin\/answer.py?hl=es-419&amp;answer=95647\">Google Chrome<\/a>\u00a0-\u00a0<a href=\"https:\/\/privacy.microsoft.com\/es-mx\/privacystatement\">Internet explorer<\/a>\u00a0-\u00a0<a href=\"https:\/\/support.mozilla.org\/es\/kb\/habilitar-y-deshabilitar-cookies-que-los-sitios-we\">Mozilla Firefox<\/a>\u00a0-\u00a0<a href=\"https:\/\/support.apple.com\/kb\/HT1677?viewlocale=es_ES%20%97%20http:\/\/support.apple.com\/kb\/ph5042\">Apple safari<\/a><\/p>\n<p>In addition to the House Markets LLC Cookie Policy, you can also see:<\/p>\n<p><a href=\"\/en\/politica-privacidad\/\">Privacy policies<\/a><br \/>\n<a href=\"\/en\/aviso-legal\/\">Legal warning<\/a><\/p>","protected":false},"excerpt":{"rendered":"<p>En la Pol\u00edtica de Cookies de HOUSE MARKETS LLC, cumplimos con avisarte que este sitio puede recolectar informaci\u00f3n en forma autom\u00e1tica al utilizar cookies, es por esto que solicitamos con confirmaci\u00f3n y te pedimos que leas atentamente tanto las pol\u00edticas de cookies como las pol\u00edticas de privacidad, para que puedas disfrutar del contenido con total [&hellip;]<\/p>\n","protected":false},"author":9,"featured_media":0,"parent":0,"menu_order":0,"comment_status":"closed","ping_status":"closed","template":"","meta":{"footnotes":""},"class_list":["post-2242","page","type-page","status-publish","hentry"],"yoast_head":"<!-- This site is optimized with the Yoast SEO plugin v27.4 - https:\/\/yoast.com\/product\/yoast-seo-wordpress\/ -->\n<title>Pol\u00edticas de Cookies - House Markets<\/title>\n<meta name=\"robots\" content=\"noindex, follow\" \/>\n<meta property=\"og:locale\" content=\"en_US\" \/>\n<meta property=\"og:type\" content=\"article\" \/>\n<meta property=\"og:title\" content=\"Pol\u00edticas de Cookies - House Markets\" \/>\n<meta property=\"og:description\" content=\"En la Pol\u00edtica de Cookies de HOUSE MARKETS LLC, cumplimos con avisarte que este sitio puede recolectar informaci\u00f3n en forma autom\u00e1tica al utilizar cookies, es por esto que solicitamos con confirmaci\u00f3n y te pedimos que leas atentamente tanto las pol\u00edticas de cookies como las pol\u00edticas de privacidad, para que puedas disfrutar del contenido con total [&hellip;]\" \/>\n<meta property=\"og:url\" content=\"https:\/\/house-markets.com\/en\/politicas-de-cookies\/\" \/>\n<meta property=\"og:site_name\" content=\"House Markets\" \/>\n<meta property=\"article:publisher\" content=\"https:\/\/www.facebook.com\/House-Markets-100528732059955\" \/>\n<meta property=\"article:modified_time\" content=\"2021-03-11T06:34:40+00:00\" \/>\n<meta name=\"twitter:card\" content=\"summary_large_image\" \/>\n<meta name=\"twitter:site\" content=\"@house_markets\" \/>\n<meta name=\"twitter:label1\" content=\"Est. reading time\" \/>\n\t<meta name=\"twitter:data1\" content=\"6 minutes\" \/>\n<script type=\"application\/ld+json\" class=\"yoast-schema-graph\">{\"@context\":\"https:\\\/\\\/schema.org\",\"@graph\":[{\"@type\":\"WebPage\",\"@id\":\"https:\\\/\\\/house-markets.com\\\/politicas-de-cookies\\\/\",\"url\":\"https:\\\/\\\/house-markets.com\\\/politicas-de-cookies\\\/\",\"name\":\"Pol\u00edticas de Cookies - House Markets\",\"isPartOf\":{\"@id\":\"https:\\\/\\\/house-markets.com\\\/#website\"},\"datePublished\":\"2021-03-04T20:14:06+00:00\",\"dateModified\":\"2021-03-11T06:34:40+00:00\",\"breadcrumb\":{\"@id\":\"https:\\\/\\\/house-markets.com\\\/politicas-de-cookies\\\/#breadcrumb\"},\"inLanguage\":\"en-US\",\"potentialAction\":[{\"@type\":\"ReadAction\",\"target\":[\"https:\\\/\\\/house-markets.com\\\/politicas-de-cookies\\\/\"]}]},{\"@type\":\"BreadcrumbList\",\"@id\":\"https:\\\/\\\/house-markets.com\\\/politicas-de-cookies\\\/#breadcrumb\",\"itemListElement\":[{\"@type\":\"ListItem\",\"position\":1,\"name\":\"Portada\",\"item\":\"https:\\\/\\\/house-markets.com\\\/\"},{\"@type\":\"ListItem\",\"position\":2,\"name\":\"Pol\u00edticas de Cookies\"}]},{\"@type\":\"WebSite\",\"@id\":\"https:\\\/\\\/house-markets.com\\\/#website\",\"url\":\"https:\\\/\\\/house-markets.com\\\/\",\"name\":\"House Markets\",\"description\":\"La compra de  tu casa en Estados Unidos al alcance de tus dedos\",\"publisher\":{\"@id\":\"https:\\\/\\\/house-markets.com\\\/#organization\"},\"potentialAction\":[{\"@type\":\"SearchAction\",\"target\":{\"@type\":\"EntryPoint\",\"urlTemplate\":\"https:\\\/\\\/house-markets.com\\\/?s={search_term_string}\"},\"query-input\":{\"@type\":\"PropertyValueSpecification\",\"valueRequired\":true,\"valueName\":\"search_term_string\"}}],\"inLanguage\":\"en-US\"},{\"@type\":\"Organization\",\"@id\":\"https:\\\/\\\/house-markets.com\\\/#organization\",\"name\":\"House Markets LLC\",\"url\":\"https:\\\/\\\/house-markets.com\\\/\",\"logo\":{\"@type\":\"ImageObject\",\"inLanguage\":\"en-US\",\"@id\":\"https:\\\/\\\/house-markets.com\\\/#\\\/schema\\\/logo\\\/image\\\/\",\"url\":\"https:\\\/\\\/house-markets.com\\\/wp-content\\\/uploads\\\/2020\\\/07\\\/house-markets.png\",\"contentUrl\":\"https:\\\/\\\/house-markets.com\\\/wp-content\\\/uploads\\\/2020\\\/07\\\/house-markets.png\",\"width\":225,\"height\":81,\"caption\":\"House Markets LLC\"},\"image\":{\"@id\":\"https:\\\/\\\/house-markets.com\\\/#\\\/schema\\\/logo\\\/image\\\/\"},\"sameAs\":[\"https:\\\/\\\/www.facebook.com\\\/House-Markets-100528732059955\",\"https:\\\/\\\/x.com\\\/house_markets\",\"https:\\\/\\\/www.instagram.com\\\/housemarkets.en\\\/\",\"https:\\\/\\\/www.pinterest.com\\\/housemarkets\\\/\"]}]}<\/script>\n<!-- \/ Yoast SEO plugin. -->","yoast_head_json":{"title":"Pol\u00edticas de Cookies - House Markets","robots":{"index":"noindex","follow":"follow"},"og_locale":"en_US","og_type":"article","og_title":"Pol\u00edticas de Cookies - House Markets","og_description":"En la Pol\u00edtica de Cookies de HOUSE MARKETS LLC, cumplimos con avisarte que este sitio puede recolectar informaci\u00f3n en forma autom\u00e1tica al utilizar cookies, es por esto que solicitamos con confirmaci\u00f3n y te pedimos que leas atentamente tanto las pol\u00edticas de cookies como las pol\u00edticas de privacidad, para que puedas disfrutar del contenido con total [&hellip;]","og_url":"https:\/\/house-markets.com\/en\/politicas-de-cookies\/","og_site_name":"House Markets","article_publisher":"https:\/\/www.facebook.com\/House-Markets-100528732059955","article_modified_time":"2021-03-11T06:34:40+00:00","twitter_card":"summary_large_image","twitter_site":"@house_markets","twitter_misc":{"Est. reading time":"6 minutes"},"schema":{"@context":"https:\/\/schema.org","@graph":[{"@type":"WebPage","@id":"https:\/\/house-markets.com\/politicas-de-cookies\/","url":"https:\/\/house-markets.com\/politicas-de-cookies\/","name":"Pol\u00edticas de Cookies - House Markets","isPartOf":{"@id":"https:\/\/house-markets.com\/#website"},"datePublished":"2021-03-04T20:14:06+00:00","dateModified":"2021-03-11T06:34:40+00:00","breadcrumb":{"@id":"https:\/\/house-markets.com\/politicas-de-cookies\/#breadcrumb"},"inLanguage":"en-US","potentialAction":[{"@type":"ReadAction","target":["https:\/\/house-markets.com\/politicas-de-cookies\/"]}]},{"@type":"BreadcrumbList","@id":"https:\/\/house-markets.com\/politicas-de-cookies\/#breadcrumb","itemListElement":[{"@type":"ListItem","position":1,"name":"Portada","item":"https:\/\/house-markets.com\/"},{"@type":"ListItem","position":2,"name":"Pol\u00edticas de Cookies"}]},{"@type":"WebSite","@id":"https:\/\/house-markets.com\/#website","url":"https:\/\/house-markets.com\/","name":"House Markets","description":"Buying your house in the United States at your fingertips","publisher":{"@id":"https:\/\/house-markets.com\/#organization"},"potentialAction":[{"@type":"SearchAction","target":{"@type":"EntryPoint","urlTemplate":"https:\/\/house-markets.com\/?s={search_term_string}"},"query-input":{"@type":"PropertyValueSpecification","valueRequired":true,"valueName":"search_term_string"}}],"inLanguage":"en-US"},{"@type":"Organization","@id":"https:\/\/house-markets.com\/#organization","name":"House Markets LLC","url":"https:\/\/house-markets.com\/","logo":{"@type":"ImageObject","inLanguage":"en-US","@id":"https:\/\/house-markets.com\/#\/schema\/logo\/image\/","url":"https:\/\/house-markets.com\/wp-content\/uploads\/2020\/07\/house-markets.png","contentUrl":"https:\/\/house-markets.com\/wp-content\/uploads\/2020\/07\/house-markets.png","width":225,"height":81,"caption":"House Markets LLC"},"image":{"@id":"https:\/\/house-markets.com\/#\/schema\/logo\/image\/"},"sameAs":["https:\/\/www.facebook.com\/House-Markets-100528732059955","https:\/\/x.com\/house_markets","https:\/\/www.instagram.com\/housemarkets.en\/","https:\/\/www.pinterest.com\/housemarkets\/"]}]}},"_links":{"self":[{"href":"https:\/\/house-markets.com\/en\/wp-json\/wp\/v2\/pages\/2242","targetHints":{"allow":["GET"]}}],"collection":[{"href":"https:\/\/house-markets.com\/en\/wp-json\/wp\/v2\/pages"}],"about":[{"href":"https:\/\/house-markets.com\/en\/wp-json\/wp\/v2\/types\/page"}],"author":[{"embeddable":true,"href":"https:\/\/house-markets.com\/en\/wp-json\/wp\/v2\/users\/9"}],"replies":[{"embeddable":true,"href":"https:\/\/house-markets.com\/en\/wp-json\/wp\/v2\/comments?post=2242"}],"version-history":[{"count":0,"href":"https:\/\/house-markets.com\/en\/wp-json\/wp\/v2\/pages\/2242\/revisions"}],"wp:attachment":[{"href":"https:\/\/house-markets.com\/en\/wp-json\/wp\/v2\/media?parent=2242"}],"curies":[{"name":"wp","href":"https:\/\/api.w.org\/{rel}","templated":true}]}}