{"id":1168,"date":"2020-08-08T16:56:00","date_gmt":"2020-08-08T20:56:00","guid":{"rendered":"https:\/\/www.asesoriasmiami.com\/?page_id=1168"},"modified":"2021-03-11T02:31:54","modified_gmt":"2021-03-11T06:31:54","slug":"calculadora-de-hipotecas","status":"publish","type":"page","link":"https:\/\/house-markets.com\/en\/calculadora-de-hipotecas\/","title":{"rendered":"Mortgage calculator"},"content":{"rendered":"<p>Use this calculator to generate a repayment schedule for your current mortgage. Quickly see how much interest you will pay and the principal balance you borrowed. You can even determine the impact of any principal payment up front! Fee that includes: principal, interest rate, property taxes, and property value insurance.<\/p>","protected":false},"excerpt":{"rendered":"<p>Utilice esta calculadora para generar un plan de amortizaci\u00f3n de su hipoteca actual. R\u00e1pidamente, vea cu\u00e1nto inter\u00e9s pagar\u00e1 y el saldo del capital que tom\u00f3 prestado. \u00a1Inclusive, usted puede determinar el impacto de cualquier pago de capital por adelantado! Cuota que incluye: capital, tasa de inter\u00e9s, impuestos sobre la propiedad y seguro sobre el valor [&hellip;]<\/p>\n","protected":false},"author":9,"featured_media":2823,"parent":0,"menu_order":0,"comment_status":"closed","ping_status":"closed","template":"","meta":{"footnotes":""},"class_list":["post-1168","page","type-page","status-publish","has-post-thumbnail","hentry"],"yoast_head":"<!-- This site is optimized with the Yoast SEO plugin v27.4 - https:\/\/yoast.com\/product\/yoast-seo-wordpress\/ -->\n<title>Calculadora de hipotecas - House Markets<\/title>\n<meta name=\"robots\" content=\"noindex, follow\" \/>\n<meta property=\"og:locale\" content=\"en_US\" \/>\n<meta property=\"og:type\" content=\"article\" \/>\n<meta property=\"og:title\" content=\"Calculadora de hipotecas - House Markets\" \/>\n<meta property=\"og:description\" content=\"Utilice esta calculadora para generar un plan de amortizaci\u00f3n de su hipoteca actual. R\u00e1pidamente, vea cu\u00e1nto inter\u00e9s pagar\u00e1 y el saldo del capital que tom\u00f3 prestado. \u00a1Inclusive, usted puede determinar el impacto de cualquier pago de capital por adelantado! Cuota que incluye: capital, tasa de inter\u00e9s, impuestos sobre la propiedad y seguro sobre el valor [&hellip;]\" \/>\n<meta property=\"og:url\" content=\"https:\/\/house-markets.com\/en\/calculadora-de-hipotecas\/\" \/>\n<meta property=\"og:site_name\" content=\"House Markets\" \/>\n<meta property=\"article:publisher\" content=\"https:\/\/www.facebook.com\/House-Markets-100528732059955\" \/>\n<meta property=\"article:modified_time\" content=\"2021-03-11T06:31:54+00:00\" \/>\n<meta property=\"og:image\" content=\"https:\/\/house-markets.com\/wp-content\/uploads\/2021\/03\/banner-3-1.jpg\" \/>\n\t<meta property=\"og:image:width\" content=\"1600\" \/>\n\t<meta property=\"og:image:height\" content=\"900\" \/>\n\t<meta property=\"og:image:type\" content=\"image\/jpeg\" \/>\n<meta name=\"twitter:card\" content=\"summary_large_image\" \/>\n<meta name=\"twitter:site\" content=\"@house_markets\" \/>\n<script type=\"application\/ld+json\" class=\"yoast-schema-graph\">{\"@context\":\"https:\\\/\\\/schema.org\",\"@graph\":[{\"@type\":\"WebPage\",\"@id\":\"https:\\\/\\\/house-markets.com\\\/calculadora-de-hipotecas\\\/\",\"url\":\"https:\\\/\\\/house-markets.com\\\/calculadora-de-hipotecas\\\/\",\"name\":\"Calculadora de hipotecas - House Markets\",\"isPartOf\":{\"@id\":\"https:\\\/\\\/house-markets.com\\\/#website\"},\"primaryImageOfPage\":{\"@id\":\"https:\\\/\\\/house-markets.com\\\/calculadora-de-hipotecas\\\/#primaryimage\"},\"image\":{\"@id\":\"https:\\\/\\\/house-markets.com\\\/calculadora-de-hipotecas\\\/#primaryimage\"},\"thumbnailUrl\":\"https:\\\/\\\/house-markets.com\\\/wp-content\\\/uploads\\\/2021\\\/03\\\/banner-3-1.jpg\",\"datePublished\":\"2020-08-08T20:56:00+00:00\",\"dateModified\":\"2021-03-11T06:31:54+00:00\",\"breadcrumb\":{\"@id\":\"https:\\\/\\\/house-markets.com\\\/calculadora-de-hipotecas\\\/#breadcrumb\"},\"inLanguage\":\"en-US\",\"potentialAction\":[{\"@type\":\"ReadAction\",\"target\":[\"https:\\\/\\\/house-markets.com\\\/calculadora-de-hipotecas\\\/\"]}]},{\"@type\":\"ImageObject\",\"inLanguage\":\"en-US\",\"@id\":\"https:\\\/\\\/house-markets.com\\\/calculadora-de-hipotecas\\\/#primaryimage\",\"url\":\"https:\\\/\\\/house-markets.com\\\/wp-content\\\/uploads\\\/2021\\\/03\\\/banner-3-1.jpg\",\"contentUrl\":\"https:\\\/\\\/house-markets.com\\\/wp-content\\\/uploads\\\/2021\\\/03\\\/banner-3-1.jpg\",\"width\":1600,\"height\":900},{\"@type\":\"BreadcrumbList\",\"@id\":\"https:\\\/\\\/house-markets.com\\\/calculadora-de-hipotecas\\\/#breadcrumb\",\"itemListElement\":[{\"@type\":\"ListItem\",\"position\":1,\"name\":\"Portada\",\"item\":\"https:\\\/\\\/house-markets.com\\\/\"},{\"@type\":\"ListItem\",\"position\":2,\"name\":\"Calculadora de hipotecas\"}]},{\"@type\":\"WebSite\",\"@id\":\"https:\\\/\\\/house-markets.com\\\/#website\",\"url\":\"https:\\\/\\\/house-markets.com\\\/\",\"name\":\"House Markets\",\"description\":\"La compra de  tu casa en Estados Unidos al alcance de tus dedos\",\"publisher\":{\"@id\":\"https:\\\/\\\/house-markets.com\\\/#organization\"},\"potentialAction\":[{\"@type\":\"SearchAction\",\"target\":{\"@type\":\"EntryPoint\",\"urlTemplate\":\"https:\\\/\\\/house-markets.com\\\/?s={search_term_string}\"},\"query-input\":{\"@type\":\"PropertyValueSpecification\",\"valueRequired\":true,\"valueName\":\"search_term_string\"}}],\"inLanguage\":\"en-US\"},{\"@type\":\"Organization\",\"@id\":\"https:\\\/\\\/house-markets.com\\\/#organization\",\"name\":\"House Markets LLC\",\"url\":\"https:\\\/\\\/house-markets.com\\\/\",\"logo\":{\"@type\":\"ImageObject\",\"inLanguage\":\"en-US\",\"@id\":\"https:\\\/\\\/house-markets.com\\\/#\\\/schema\\\/logo\\\/image\\\/\",\"url\":\"https:\\\/\\\/house-markets.com\\\/wp-content\\\/uploads\\\/2020\\\/07\\\/house-markets.png\",\"contentUrl\":\"https:\\\/\\\/house-markets.com\\\/wp-content\\\/uploads\\\/2020\\\/07\\\/house-markets.png\",\"width\":225,\"height\":81,\"caption\":\"House Markets LLC\"},\"image\":{\"@id\":\"https:\\\/\\\/house-markets.com\\\/#\\\/schema\\\/logo\\\/image\\\/\"},\"sameAs\":[\"https:\\\/\\\/www.facebook.com\\\/House-Markets-100528732059955\",\"https:\\\/\\\/x.com\\\/house_markets\",\"https:\\\/\\\/www.instagram.com\\\/housemarkets.en\\\/\",\"https:\\\/\\\/www.pinterest.com\\\/housemarkets\\\/\"]}]}<\/script>\n<!-- \/ Yoast SEO plugin. -->","yoast_head_json":{"title":"Calculadora de hipotecas - House Markets","robots":{"index":"noindex","follow":"follow"},"og_locale":"en_US","og_type":"article","og_title":"Calculadora de hipotecas - House Markets","og_description":"Utilice esta calculadora para generar un plan de amortizaci\u00f3n de su hipoteca actual. R\u00e1pidamente, vea cu\u00e1nto inter\u00e9s pagar\u00e1 y el saldo del capital que tom\u00f3 prestado. \u00a1Inclusive, usted puede determinar el impacto de cualquier pago de capital por adelantado! Cuota que incluye: capital, tasa de inter\u00e9s, impuestos sobre la propiedad y seguro sobre el valor [&hellip;]","og_url":"https:\/\/house-markets.com\/en\/calculadora-de-hipotecas\/","og_site_name":"House Markets","article_publisher":"https:\/\/www.facebook.com\/House-Markets-100528732059955","article_modified_time":"2021-03-11T06:31:54+00:00","og_image":[{"width":1600,"height":900,"url":"https:\/\/house-markets.com\/wp-content\/uploads\/2021\/03\/banner-3-1.jpg","type":"image\/jpeg"}],"twitter_card":"summary_large_image","twitter_site":"@house_markets","schema":{"@context":"https:\/\/schema.org","@graph":[{"@type":"WebPage","@id":"https:\/\/house-markets.com\/calculadora-de-hipotecas\/","url":"https:\/\/house-markets.com\/calculadora-de-hipotecas\/","name":"Calculadora de hipotecas - House Markets","isPartOf":{"@id":"https:\/\/house-markets.com\/#website"},"primaryImageOfPage":{"@id":"https:\/\/house-markets.com\/calculadora-de-hipotecas\/#primaryimage"},"image":{"@id":"https:\/\/house-markets.com\/calculadora-de-hipotecas\/#primaryimage"},"thumbnailUrl":"https:\/\/house-markets.com\/wp-content\/uploads\/2021\/03\/banner-3-1.jpg","datePublished":"2020-08-08T20:56:00+00:00","dateModified":"2021-03-11T06:31:54+00:00","breadcrumb":{"@id":"https:\/\/house-markets.com\/calculadora-de-hipotecas\/#breadcrumb"},"inLanguage":"en-US","potentialAction":[{"@type":"ReadAction","target":["https:\/\/house-markets.com\/calculadora-de-hipotecas\/"]}]},{"@type":"ImageObject","inLanguage":"en-US","@id":"https:\/\/house-markets.com\/calculadora-de-hipotecas\/#primaryimage","url":"https:\/\/house-markets.com\/wp-content\/uploads\/2021\/03\/banner-3-1.jpg","contentUrl":"https:\/\/house-markets.com\/wp-content\/uploads\/2021\/03\/banner-3-1.jpg","width":1600,"height":900},{"@type":"BreadcrumbList","@id":"https:\/\/house-markets.com\/calculadora-de-hipotecas\/#breadcrumb","itemListElement":[{"@type":"ListItem","position":1,"name":"Portada","item":"https:\/\/house-markets.com\/"},{"@type":"ListItem","position":2,"name":"Calculadora de hipotecas"}]},{"@type":"WebSite","@id":"https:\/\/house-markets.com\/#website","url":"https:\/\/house-markets.com\/","name":"House Markets","description":"Buying your house in the United States at your fingertips","publisher":{"@id":"https:\/\/house-markets.com\/#organization"},"potentialAction":[{"@type":"SearchAction","target":{"@type":"EntryPoint","urlTemplate":"https:\/\/house-markets.com\/?s={search_term_string}"},"query-input":{"@type":"PropertyValueSpecification","valueRequired":true,"valueName":"search_term_string"}}],"inLanguage":"en-US"},{"@type":"Organization","@id":"https:\/\/house-markets.com\/#organization","name":"House Markets LLC","url":"https:\/\/house-markets.com\/","logo":{"@type":"ImageObject","inLanguage":"en-US","@id":"https:\/\/house-markets.com\/#\/schema\/logo\/image\/","url":"https:\/\/house-markets.com\/wp-content\/uploads\/2020\/07\/house-markets.png","contentUrl":"https:\/\/house-markets.com\/wp-content\/uploads\/2020\/07\/house-markets.png","width":225,"height":81,"caption":"House Markets LLC"},"image":{"@id":"https:\/\/house-markets.com\/#\/schema\/logo\/image\/"},"sameAs":["https:\/\/www.facebook.com\/House-Markets-100528732059955","https:\/\/x.com\/house_markets","https:\/\/www.instagram.com\/housemarkets.en\/","https:\/\/www.pinterest.com\/housemarkets\/"]}]}},"_links":{"self":[{"href":"https:\/\/house-markets.com\/en\/wp-json\/wp\/v2\/pages\/1168","targetHints":{"allow":["GET"]}}],"collection":[{"href":"https:\/\/house-markets.com\/en\/wp-json\/wp\/v2\/pages"}],"about":[{"href":"https:\/\/house-markets.com\/en\/wp-json\/wp\/v2\/types\/page"}],"author":[{"embeddable":true,"href":"https:\/\/house-markets.com\/en\/wp-json\/wp\/v2\/users\/9"}],"replies":[{"embeddable":true,"href":"https:\/\/house-markets.com\/en\/wp-json\/wp\/v2\/comments?post=1168"}],"version-history":[{"count":0,"href":"https:\/\/house-markets.com\/en\/wp-json\/wp\/v2\/pages\/1168\/revisions"}],"wp:featuredmedia":[{"embeddable":true,"href":"https:\/\/house-markets.com\/en\/wp-json\/wp\/v2\/media\/2823"}],"wp:attachment":[{"href":"https:\/\/house-markets.com\/en\/wp-json\/wp\/v2\/media?parent=1168"}],"curies":[{"name":"wp","href":"https:\/\/api.w.org\/{rel}","templated":true}]}}