{"id":1162,"date":"2020-08-08T16:49:57","date_gmt":"2020-08-08T20:49:57","guid":{"rendered":"https:\/\/www.asesoriasmiami.com\/?page_id=1162"},"modified":"2021-05-04T12:06:28","modified_gmt":"2021-05-04T16:06:28","slug":"kits-de-casas-para-duenos-de-terrenos","status":"publish","type":"page","link":"https:\/\/house-markets.com\/en\/kits-de-casas-para-duenos-de-terrenos\/","title":{"rendered":"Home kits for landowners"},"content":{"rendered":"<p>We have various construction kits with high-tech LGS steel structures and also with structures designed according to green building standards with materials that in history have shown high resistance to varied climates, very low or very high temperatures, maintaining the conditions of extreme hardness and firmness, of structures and construction skeleton, which can be available for both residential and commercial construction.<\/p>\n<p>&nbsp;<\/p>","protected":false},"excerpt":{"rendered":"<p>Disponemos de\u00a0 variados Kits de construcci\u00f3n con estructuras de acero LGS de alta tecnolog\u00eda y tambi\u00e9n con estructuras dise\u00f1adas de acuerdo a las normas de construcci\u00f3n verde con materiales que en la historia han demostrado alta resistencia a climas variados, temperaturas muy bajas o muy altas, manteniendo las condiciones de dureza y firmeza extrema, de [&hellip;]<\/p>\n","protected":false},"author":9,"featured_media":0,"parent":0,"menu_order":0,"comment_status":"closed","ping_status":"closed","template":"","meta":{"footnotes":""},"class_list":["post-1162","page","type-page","status-publish","hentry"],"yoast_head":"<!-- This site is optimized with the Yoast SEO plugin v27.4 - https:\/\/yoast.com\/product\/yoast-seo-wordpress\/ -->\n<title>Kits de casas para due\u00f1os de terrenos - House Markets<\/title>\n<meta name=\"robots\" content=\"index, follow, max-snippet:-1, max-image-preview:large, max-video-preview:-1\" \/>\n<link rel=\"canonical\" href=\"https:\/\/house-markets.com\/en\/kits-de-casas-para-duenos-de-terrenos\/\" \/>\n<meta property=\"og:locale\" content=\"en_US\" \/>\n<meta property=\"og:type\" content=\"article\" \/>\n<meta property=\"og:title\" content=\"Kits de casas para due\u00f1os de terrenos - House Markets\" \/>\n<meta property=\"og:description\" content=\"Disponemos de\u00a0 variados Kits de construcci\u00f3n con estructuras de acero LGS de alta tecnolog\u00eda y tambi\u00e9n con estructuras dise\u00f1adas de acuerdo a las normas de construcci\u00f3n verde con materiales que en la historia han demostrado alta resistencia a climas variados, temperaturas muy bajas o muy altas, manteniendo las condiciones de dureza y firmeza extrema, de [&hellip;]\" \/>\n<meta property=\"og:url\" content=\"https:\/\/house-markets.com\/en\/kits-de-casas-para-duenos-de-terrenos\/\" \/>\n<meta property=\"og:site_name\" content=\"House Markets\" \/>\n<meta property=\"article:publisher\" content=\"https:\/\/www.facebook.com\/House-Markets-100528732059955\" \/>\n<meta property=\"article:modified_time\" content=\"2021-05-04T16:06:28+00:00\" \/>\n<meta name=\"twitter:card\" content=\"summary_large_image\" \/>\n<meta name=\"twitter:site\" content=\"@house_markets\" \/>\n<meta name=\"twitter:label1\" content=\"Est. reading time\" \/>\n\t<meta name=\"twitter:data1\" content=\"1 minute\" \/>\n<script type=\"application\/ld+json\" class=\"yoast-schema-graph\">{\"@context\":\"https:\\\/\\\/schema.org\",\"@graph\":[{\"@type\":\"WebPage\",\"@id\":\"https:\\\/\\\/house-markets.com\\\/kits-de-casas-para-duenos-de-terrenos\\\/\",\"url\":\"https:\\\/\\\/house-markets.com\\\/kits-de-casas-para-duenos-de-terrenos\\\/\",\"name\":\"Kits de casas para due\u00f1os de terrenos - House Markets\",\"isPartOf\":{\"@id\":\"https:\\\/\\\/house-markets.com\\\/#website\"},\"datePublished\":\"2020-08-08T20:49:57+00:00\",\"dateModified\":\"2021-05-04T16:06:28+00:00\",\"breadcrumb\":{\"@id\":\"https:\\\/\\\/house-markets.com\\\/kits-de-casas-para-duenos-de-terrenos\\\/#breadcrumb\"},\"inLanguage\":\"en-US\",\"potentialAction\":[{\"@type\":\"ReadAction\",\"target\":[\"https:\\\/\\\/house-markets.com\\\/kits-de-casas-para-duenos-de-terrenos\\\/\"]}]},{\"@type\":\"BreadcrumbList\",\"@id\":\"https:\\\/\\\/house-markets.com\\\/kits-de-casas-para-duenos-de-terrenos\\\/#breadcrumb\",\"itemListElement\":[{\"@type\":\"ListItem\",\"position\":1,\"name\":\"Portada\",\"item\":\"https:\\\/\\\/house-markets.com\\\/\"},{\"@type\":\"ListItem\",\"position\":2,\"name\":\"Kits de casas para due\u00f1os de terrenos\"}]},{\"@type\":\"WebSite\",\"@id\":\"https:\\\/\\\/house-markets.com\\\/#website\",\"url\":\"https:\\\/\\\/house-markets.com\\\/\",\"name\":\"House Markets\",\"description\":\"La compra de  tu casa en Estados Unidos al alcance de tus dedos\",\"publisher\":{\"@id\":\"https:\\\/\\\/house-markets.com\\\/#organization\"},\"potentialAction\":[{\"@type\":\"SearchAction\",\"target\":{\"@type\":\"EntryPoint\",\"urlTemplate\":\"https:\\\/\\\/house-markets.com\\\/?s={search_term_string}\"},\"query-input\":{\"@type\":\"PropertyValueSpecification\",\"valueRequired\":true,\"valueName\":\"search_term_string\"}}],\"inLanguage\":\"en-US\"},{\"@type\":\"Organization\",\"@id\":\"https:\\\/\\\/house-markets.com\\\/#organization\",\"name\":\"House Markets LLC\",\"url\":\"https:\\\/\\\/house-markets.com\\\/\",\"logo\":{\"@type\":\"ImageObject\",\"inLanguage\":\"en-US\",\"@id\":\"https:\\\/\\\/house-markets.com\\\/#\\\/schema\\\/logo\\\/image\\\/\",\"url\":\"https:\\\/\\\/house-markets.com\\\/wp-content\\\/uploads\\\/2020\\\/07\\\/house-markets.png\",\"contentUrl\":\"https:\\\/\\\/house-markets.com\\\/wp-content\\\/uploads\\\/2020\\\/07\\\/house-markets.png\",\"width\":225,\"height\":81,\"caption\":\"House Markets LLC\"},\"image\":{\"@id\":\"https:\\\/\\\/house-markets.com\\\/#\\\/schema\\\/logo\\\/image\\\/\"},\"sameAs\":[\"https:\\\/\\\/www.facebook.com\\\/House-Markets-100528732059955\",\"https:\\\/\\\/x.com\\\/house_markets\",\"https:\\\/\\\/www.instagram.com\\\/housemarkets.en\\\/\",\"https:\\\/\\\/www.pinterest.com\\\/housemarkets\\\/\"]}]}<\/script>\n<!-- \/ Yoast SEO plugin. -->","yoast_head_json":{"title":"Kits de casas para due\u00f1os de terrenos - House Markets","robots":{"index":"index","follow":"follow","max-snippet":"max-snippet:-1","max-image-preview":"max-image-preview:large","max-video-preview":"max-video-preview:-1"},"canonical":"https:\/\/house-markets.com\/en\/kits-de-casas-para-duenos-de-terrenos\/","og_locale":"en_US","og_type":"article","og_title":"Kits de casas para due\u00f1os de terrenos - House Markets","og_description":"Disponemos de\u00a0 variados Kits de construcci\u00f3n con estructuras de acero LGS de alta tecnolog\u00eda y tambi\u00e9n con estructuras dise\u00f1adas de acuerdo a las normas de construcci\u00f3n verde con materiales que en la historia han demostrado alta resistencia a climas variados, temperaturas muy bajas o muy altas, manteniendo las condiciones de dureza y firmeza extrema, de [&hellip;]","og_url":"https:\/\/house-markets.com\/en\/kits-de-casas-para-duenos-de-terrenos\/","og_site_name":"House Markets","article_publisher":"https:\/\/www.facebook.com\/House-Markets-100528732059955","article_modified_time":"2021-05-04T16:06:28+00:00","twitter_card":"summary_large_image","twitter_site":"@house_markets","twitter_misc":{"Est. reading time":"1 minute"},"schema":{"@context":"https:\/\/schema.org","@graph":[{"@type":"WebPage","@id":"https:\/\/house-markets.com\/kits-de-casas-para-duenos-de-terrenos\/","url":"https:\/\/house-markets.com\/kits-de-casas-para-duenos-de-terrenos\/","name":"Kits de casas para due\u00f1os de terrenos - House Markets","isPartOf":{"@id":"https:\/\/house-markets.com\/#website"},"datePublished":"2020-08-08T20:49:57+00:00","dateModified":"2021-05-04T16:06:28+00:00","breadcrumb":{"@id":"https:\/\/house-markets.com\/kits-de-casas-para-duenos-de-terrenos\/#breadcrumb"},"inLanguage":"en-US","potentialAction":[{"@type":"ReadAction","target":["https:\/\/house-markets.com\/kits-de-casas-para-duenos-de-terrenos\/"]}]},{"@type":"BreadcrumbList","@id":"https:\/\/house-markets.com\/kits-de-casas-para-duenos-de-terrenos\/#breadcrumb","itemListElement":[{"@type":"ListItem","position":1,"name":"Portada","item":"https:\/\/house-markets.com\/"},{"@type":"ListItem","position":2,"name":"Kits de casas para due\u00f1os de terrenos"}]},{"@type":"WebSite","@id":"https:\/\/house-markets.com\/#website","url":"https:\/\/house-markets.com\/","name":"House Markets","description":"Buying your house in the United States at your fingertips","publisher":{"@id":"https:\/\/house-markets.com\/#organization"},"potentialAction":[{"@type":"SearchAction","target":{"@type":"EntryPoint","urlTemplate":"https:\/\/house-markets.com\/?s={search_term_string}"},"query-input":{"@type":"PropertyValueSpecification","valueRequired":true,"valueName":"search_term_string"}}],"inLanguage":"en-US"},{"@type":"Organization","@id":"https:\/\/house-markets.com\/#organization","name":"House Markets LLC","url":"https:\/\/house-markets.com\/","logo":{"@type":"ImageObject","inLanguage":"en-US","@id":"https:\/\/house-markets.com\/#\/schema\/logo\/image\/","url":"https:\/\/house-markets.com\/wp-content\/uploads\/2020\/07\/house-markets.png","contentUrl":"https:\/\/house-markets.com\/wp-content\/uploads\/2020\/07\/house-markets.png","width":225,"height":81,"caption":"House Markets LLC"},"image":{"@id":"https:\/\/house-markets.com\/#\/schema\/logo\/image\/"},"sameAs":["https:\/\/www.facebook.com\/House-Markets-100528732059955","https:\/\/x.com\/house_markets","https:\/\/www.instagram.com\/housemarkets.en\/","https:\/\/www.pinterest.com\/housemarkets\/"]}]}},"_links":{"self":[{"href":"https:\/\/house-markets.com\/en\/wp-json\/wp\/v2\/pages\/1162","targetHints":{"allow":["GET"]}}],"collection":[{"href":"https:\/\/house-markets.com\/en\/wp-json\/wp\/v2\/pages"}],"about":[{"href":"https:\/\/house-markets.com\/en\/wp-json\/wp\/v2\/types\/page"}],"author":[{"embeddable":true,"href":"https:\/\/house-markets.com\/en\/wp-json\/wp\/v2\/users\/9"}],"replies":[{"embeddable":true,"href":"https:\/\/house-markets.com\/en\/wp-json\/wp\/v2\/comments?post=1162"}],"version-history":[{"count":0,"href":"https:\/\/house-markets.com\/en\/wp-json\/wp\/v2\/pages\/1162\/revisions"}],"wp:attachment":[{"href":"https:\/\/house-markets.com\/en\/wp-json\/wp\/v2\/media?parent=1162"}],"curies":[{"name":"wp","href":"https:\/\/api.w.org\/{rel}","templated":true}]}}