{"id":102,"date":"2020-07-18T01:53:41","date_gmt":"2020-07-18T05:53:41","guid":{"rendered":"https:\/\/www.asesoriasmiami.com\/?page_id=102"},"modified":"2021-03-11T02:30:26","modified_gmt":"2021-03-11T06:30:26","slug":"aviso-legal","status":"publish","type":"page","link":"https:\/\/house-markets.com\/en\/aviso-legal\/","title":{"rendered":"Legal warning"},"content":{"rendered":"<p>This LEGAL NOTICE of HOUSE MARKETS LLC regulates the rights and obligations, in relation to access, navigation and use of this website without prejudice to the fact that HOUSE MARKETS LLC reserves the right to modify, without prior notice, its content, the that are published at the time of navigation.<\/p>\n<p>By browsing, viewing and using this website, you acquire the status of user and therefore implies on your part the express acceptance of all the clauses that we indicate in this Legal Notice, as well as the rest of the warnings or specific clauses that are established in the different sections for contracting, using services, products, registrations, or sections of the Page.<\/p>\n<p>Therefore, if you do not accept the clauses established in this Legal Notice, you must refrain from accessing and \/ or using the services and \/ or content made available to you on the Page, proceeding to leave it.<\/p>\n<p>HOUSE MARKETS LLC may terminate, suspend or interrupt, at any time without prior notice, access to the contents of the page, without the User being able to demand any compensation. However, in the case of closure of the platform, an attempt will be made to return any payment that has been made for uncompleted annual subscriptions.<\/p>\n<p><strong>Information of the company responsible for the website<\/strong><\/p>\n<p>This website, house-markets.com, belongs to HOUSE MARKETS LLC ..<\/p>\n<p><strong>Address of the person in charge of the web:<\/strong> 7994 NW 66 Terrace Parkland FL 33067. United States<\/p>\n<p><strong>Contact:<\/strong> info@house-markets.com.<\/p>\n<p><strong>Telephone:<\/strong> +1 (954) 6968128<\/p>\n<p><strong>Form of Income: <\/strong>We earn income in multiple ways.<\/p>\n<p><strong>Advertising: <\/strong>We use Adsense ads.<\/p>\n<p><strong>Sale of Services:<\/strong> On our site you can contract certain services or initiate a commercial agreement.<\/p>\n<p>In addition to the HOUSE MARKETS LLC. Legal Notice, you can also see:<\/p>\n<p><a href=\"\/en\/politica-privacidad\/\">Privacy Policy<\/a><br \/>\n<a href=\"\/en\/politicas-de-cookies\/\">Cookies policy<\/a><\/p>","protected":false},"excerpt":{"rendered":"<p>El presente\u00a0AVISO LEGAL\u00a0de HOUSE MARKETS LLC regula los derechos y obligaciones, en relaci\u00f3n al acceso, navegaci\u00f3n y utilizaci\u00f3n de la presente web sin perjuicio de que HOUSE MARKETS LLC se reserve el derecho a modificar, sin previo aviso, su contenido, siendo vigentes las que se encuentren publicadas en el momento de navegaci\u00f3n. Mediante la navegaci\u00f3n, [&hellip;]<\/p>\n","protected":false},"author":9,"featured_media":0,"parent":0,"menu_order":0,"comment_status":"closed","ping_status":"closed","template":"","meta":{"footnotes":""},"class_list":["post-102","page","type-page","status-publish","hentry"],"yoast_head":"<!-- This site is optimized with the Yoast SEO plugin v27.4 - https:\/\/yoast.com\/product\/yoast-seo-wordpress\/ -->\n<title>Aviso legal - House Markets<\/title>\n<meta name=\"robots\" content=\"noindex, follow\" \/>\n<meta property=\"og:locale\" content=\"en_US\" \/>\n<meta property=\"og:type\" content=\"article\" \/>\n<meta property=\"og:title\" content=\"Aviso legal - House Markets\" \/>\n<meta property=\"og:description\" content=\"El presente\u00a0AVISO LEGAL\u00a0de HOUSE MARKETS LLC regula los derechos y obligaciones, en relaci\u00f3n al acceso, navegaci\u00f3n y utilizaci\u00f3n de la presente web sin perjuicio de que HOUSE MARKETS LLC se reserve el derecho a modificar, sin previo aviso, su contenido, siendo vigentes las que se encuentren publicadas en el momento de navegaci\u00f3n. Mediante la navegaci\u00f3n, [&hellip;]\" \/>\n<meta property=\"og:url\" content=\"https:\/\/house-markets.com\/en\/aviso-legal\/\" \/>\n<meta property=\"og:site_name\" content=\"House Markets\" \/>\n<meta property=\"article:publisher\" content=\"https:\/\/www.facebook.com\/House-Markets-100528732059955\" \/>\n<meta property=\"article:modified_time\" content=\"2021-03-11T06:30:26+00:00\" \/>\n<meta name=\"twitter:card\" content=\"summary_large_image\" \/>\n<meta name=\"twitter:site\" content=\"@house_markets\" \/>\n<meta name=\"twitter:label1\" content=\"Est. reading time\" \/>\n\t<meta name=\"twitter:data1\" content=\"2 minutes\" \/>\n<script type=\"application\/ld+json\" class=\"yoast-schema-graph\">{\"@context\":\"https:\\\/\\\/schema.org\",\"@graph\":[{\"@type\":\"WebPage\",\"@id\":\"https:\\\/\\\/house-markets.com\\\/aviso-legal\\\/\",\"url\":\"https:\\\/\\\/house-markets.com\\\/aviso-legal\\\/\",\"name\":\"Aviso legal - House Markets\",\"isPartOf\":{\"@id\":\"https:\\\/\\\/house-markets.com\\\/#website\"},\"datePublished\":\"2020-07-18T05:53:41+00:00\",\"dateModified\":\"2021-03-11T06:30:26+00:00\",\"breadcrumb\":{\"@id\":\"https:\\\/\\\/house-markets.com\\\/aviso-legal\\\/#breadcrumb\"},\"inLanguage\":\"en-US\",\"potentialAction\":[{\"@type\":\"ReadAction\",\"target\":[\"https:\\\/\\\/house-markets.com\\\/aviso-legal\\\/\"]}]},{\"@type\":\"BreadcrumbList\",\"@id\":\"https:\\\/\\\/house-markets.com\\\/aviso-legal\\\/#breadcrumb\",\"itemListElement\":[{\"@type\":\"ListItem\",\"position\":1,\"name\":\"Portada\",\"item\":\"https:\\\/\\\/house-markets.com\\\/\"},{\"@type\":\"ListItem\",\"position\":2,\"name\":\"Aviso legal\"}]},{\"@type\":\"WebSite\",\"@id\":\"https:\\\/\\\/house-markets.com\\\/#website\",\"url\":\"https:\\\/\\\/house-markets.com\\\/\",\"name\":\"House Markets\",\"description\":\"La compra de  tu casa en Estados Unidos al alcance de tus dedos\",\"publisher\":{\"@id\":\"https:\\\/\\\/house-markets.com\\\/#organization\"},\"potentialAction\":[{\"@type\":\"SearchAction\",\"target\":{\"@type\":\"EntryPoint\",\"urlTemplate\":\"https:\\\/\\\/house-markets.com\\\/?s={search_term_string}\"},\"query-input\":{\"@type\":\"PropertyValueSpecification\",\"valueRequired\":true,\"valueName\":\"search_term_string\"}}],\"inLanguage\":\"en-US\"},{\"@type\":\"Organization\",\"@id\":\"https:\\\/\\\/house-markets.com\\\/#organization\",\"name\":\"House Markets LLC\",\"url\":\"https:\\\/\\\/house-markets.com\\\/\",\"logo\":{\"@type\":\"ImageObject\",\"inLanguage\":\"en-US\",\"@id\":\"https:\\\/\\\/house-markets.com\\\/#\\\/schema\\\/logo\\\/image\\\/\",\"url\":\"https:\\\/\\\/house-markets.com\\\/wp-content\\\/uploads\\\/2020\\\/07\\\/house-markets.png\",\"contentUrl\":\"https:\\\/\\\/house-markets.com\\\/wp-content\\\/uploads\\\/2020\\\/07\\\/house-markets.png\",\"width\":225,\"height\":81,\"caption\":\"House Markets LLC\"},\"image\":{\"@id\":\"https:\\\/\\\/house-markets.com\\\/#\\\/schema\\\/logo\\\/image\\\/\"},\"sameAs\":[\"https:\\\/\\\/www.facebook.com\\\/House-Markets-100528732059955\",\"https:\\\/\\\/x.com\\\/house_markets\",\"https:\\\/\\\/www.instagram.com\\\/housemarkets.en\\\/\",\"https:\\\/\\\/www.pinterest.com\\\/housemarkets\\\/\"]}]}<\/script>\n<!-- \/ Yoast SEO plugin. -->","yoast_head_json":{"title":"Aviso legal - House Markets","robots":{"index":"noindex","follow":"follow"},"og_locale":"en_US","og_type":"article","og_title":"Aviso legal - House Markets","og_description":"El presente\u00a0AVISO LEGAL\u00a0de HOUSE MARKETS LLC regula los derechos y obligaciones, en relaci\u00f3n al acceso, navegaci\u00f3n y utilizaci\u00f3n de la presente web sin perjuicio de que HOUSE MARKETS LLC se reserve el derecho a modificar, sin previo aviso, su contenido, siendo vigentes las que se encuentren publicadas en el momento de navegaci\u00f3n. Mediante la navegaci\u00f3n, [&hellip;]","og_url":"https:\/\/house-markets.com\/en\/aviso-legal\/","og_site_name":"House Markets","article_publisher":"https:\/\/www.facebook.com\/House-Markets-100528732059955","article_modified_time":"2021-03-11T06:30:26+00:00","twitter_card":"summary_large_image","twitter_site":"@house_markets","twitter_misc":{"Est. reading time":"2 minutes"},"schema":{"@context":"https:\/\/schema.org","@graph":[{"@type":"WebPage","@id":"https:\/\/house-markets.com\/aviso-legal\/","url":"https:\/\/house-markets.com\/aviso-legal\/","name":"Aviso legal - House Markets","isPartOf":{"@id":"https:\/\/house-markets.com\/#website"},"datePublished":"2020-07-18T05:53:41+00:00","dateModified":"2021-03-11T06:30:26+00:00","breadcrumb":{"@id":"https:\/\/house-markets.com\/aviso-legal\/#breadcrumb"},"inLanguage":"en-US","potentialAction":[{"@type":"ReadAction","target":["https:\/\/house-markets.com\/aviso-legal\/"]}]},{"@type":"BreadcrumbList","@id":"https:\/\/house-markets.com\/aviso-legal\/#breadcrumb","itemListElement":[{"@type":"ListItem","position":1,"name":"Portada","item":"https:\/\/house-markets.com\/"},{"@type":"ListItem","position":2,"name":"Aviso legal"}]},{"@type":"WebSite","@id":"https:\/\/house-markets.com\/#website","url":"https:\/\/house-markets.com\/","name":"House Markets","description":"Buying your house in the United States at your fingertips","publisher":{"@id":"https:\/\/house-markets.com\/#organization"},"potentialAction":[{"@type":"SearchAction","target":{"@type":"EntryPoint","urlTemplate":"https:\/\/house-markets.com\/?s={search_term_string}"},"query-input":{"@type":"PropertyValueSpecification","valueRequired":true,"valueName":"search_term_string"}}],"inLanguage":"en-US"},{"@type":"Organization","@id":"https:\/\/house-markets.com\/#organization","name":"House Markets LLC","url":"https:\/\/house-markets.com\/","logo":{"@type":"ImageObject","inLanguage":"en-US","@id":"https:\/\/house-markets.com\/#\/schema\/logo\/image\/","url":"https:\/\/house-markets.com\/wp-content\/uploads\/2020\/07\/house-markets.png","contentUrl":"https:\/\/house-markets.com\/wp-content\/uploads\/2020\/07\/house-markets.png","width":225,"height":81,"caption":"House Markets LLC"},"image":{"@id":"https:\/\/house-markets.com\/#\/schema\/logo\/image\/"},"sameAs":["https:\/\/www.facebook.com\/House-Markets-100528732059955","https:\/\/x.com\/house_markets","https:\/\/www.instagram.com\/housemarkets.en\/","https:\/\/www.pinterest.com\/housemarkets\/"]}]}},"_links":{"self":[{"href":"https:\/\/house-markets.com\/en\/wp-json\/wp\/v2\/pages\/102","targetHints":{"allow":["GET"]}}],"collection":[{"href":"https:\/\/house-markets.com\/en\/wp-json\/wp\/v2\/pages"}],"about":[{"href":"https:\/\/house-markets.com\/en\/wp-json\/wp\/v2\/types\/page"}],"author":[{"embeddable":true,"href":"https:\/\/house-markets.com\/en\/wp-json\/wp\/v2\/users\/9"}],"replies":[{"embeddable":true,"href":"https:\/\/house-markets.com\/en\/wp-json\/wp\/v2\/comments?post=102"}],"version-history":[{"count":0,"href":"https:\/\/house-markets.com\/en\/wp-json\/wp\/v2\/pages\/102\/revisions"}],"wp:attachment":[{"href":"https:\/\/house-markets.com\/en\/wp-json\/wp\/v2\/media?parent=102"}],"curies":[{"name":"wp","href":"https:\/\/api.w.org\/{rel}","templated":true}]}}